{"id":739,"date":"2023-10-07T16:10:36","date_gmt":"2023-10-07T14:10:36","guid":{"rendered":"https:\/\/bustech.com.mx\/blog\/?page_id=739"},"modified":"2023-10-14T01:24:31","modified_gmt":"2023-10-13T23:24:31","slug":"inicio","status":"publish","type":"page","link":"https:\/\/bustech.com.mx\/blog\/","title":{"rendered":"BLOG"},"content":{"rendered":"\t\t<div data-elementor-type=\"wp-page\" data-elementor-id=\"739\" class=\"elementor elementor-739\">\n\t\t\t\t\t\t\t<div class=\"elementor-element elementor-element-83ca547 e-flex e-con-boxed e-con e-parent\" data-id=\"83ca547\" data-element_type=\"container\" data-settings=\"{&quot;background_background&quot;:&quot;classic&quot;,&quot;content_width&quot;:&quot;boxed&quot;}\" data-core-v316-plus=\"true\">\n\t\t\t\t\t<div class=\"e-con-inner\">\n\t\t\t\t<div class=\"elementor-element elementor-element-43ae074 elementor-widget elementor-widget-text-editor\" data-id=\"43ae074\" data-element_type=\"widget\" data-widget_type=\"text-editor.default\">\n\t\t\t\t<div class=\"elementor-widget-container\">\n\t\t\t<style>\/*! elementor - v3.16.0 - 20-09-2023 *\/\n.elementor-widget-text-editor.elementor-drop-cap-view-stacked .elementor-drop-cap{background-color:#69727d;color:#fff}.elementor-widget-text-editor.elementor-drop-cap-view-framed .elementor-drop-cap{color:#69727d;border:3px solid;background-color:transparent}.elementor-widget-text-editor:not(.elementor-drop-cap-view-default) .elementor-drop-cap{margin-top:8px}.elementor-widget-text-editor:not(.elementor-drop-cap-view-default) .elementor-drop-cap-letter{width:1em;height:1em}.elementor-widget-text-editor .elementor-drop-cap{float:left;text-align:center;line-height:1;font-size:50px}.elementor-widget-text-editor .elementor-drop-cap-letter{display:inline-block}<\/style>\t\t\t\t<p>Forma parte de la cultura de seguridad contra incidentes industriales.<\/p>\t\t\t\t\t\t<\/div>\n\t\t\t\t<\/div>\n\t\t\t\t\t<\/div>\n\t\t\t\t<\/div>\n\t\t<div class=\"elementor-element elementor-element-41c0825 e-flex e-con-boxed e-con e-parent\" data-id=\"41c0825\" data-element_type=\"container\" data-settings=\"{&quot;background_background&quot;:&quot;classic&quot;,&quot;content_width&quot;:&quot;boxed&quot;}\" data-core-v316-plus=\"true\">\n\t\t\t\t\t<div class=\"e-con-inner\">\n\t\t\t\t<div class=\"elementor-element elementor-element-32a881f elementor-grid-eael-col-3 elementor-grid-tablet-eael-col-2 elementor-grid-mobile-eael-col-1 elementor-widget elementor-widget-eael-post-grid\" data-id=\"32a881f\" data-element_type=\"widget\" data-settings=\"{&quot;eael_post_grid_columns&quot;:&quot;eael-col-3&quot;,&quot;eael_post_grid_columns_tablet&quot;:&quot;eael-col-2&quot;,&quot;eael_post_grid_columns_mobile&quot;:&quot;eael-col-1&quot;}\" data-widget_type=\"eael-post-grid.default\">\n\t\t\t\t<div class=\"elementor-widget-container\">\n\t\t\t<div id=\"eael-post-grid-32a881f\" class=\"eael-post-grid-container\">\n            <div class=\"eael-post-grid eael-post-appender eael-post-appender-32a881f eael-post-grid-style-default\" data-layout-mode=\"grid\"><article class=\"eael-grid-post eael-post-grid-column\" data-id=\"1689\">\n        <div class=\"eael-grid-post-holder\">\n            <div class=\"eael-grid-post-holder-inner\"><div class=\"eael-entry-media\"><div class=\"eael-entry-overlay fade-in\"><i class=\"fas fa-long-arrow-alt-right\" aria-hidden=\"true\"><\/i><a href=\"https:\/\/bustech.com.mx\/blog\/errores-comunes-en-el-mantenimiento-preventivo-de-sistemas-contra-incendio\/\"><\/a><\/div><div class=\"eael-entry-thumbnail eael-image-ratio\">\n                <img loading=\"lazy\" width=\"300\" height=\"300\" src=\"https:\/\/bustech.com.mx\/blog\/wp-content\/uploads\/2026\/02\/5-300x300.jpeg\" class=\"attachment-medium size-medium wp-image-1691\" alt=\"\" decoding=\"async\" srcset=\"https:\/\/bustech.com.mx\/blog\/wp-content\/uploads\/2026\/02\/5-300x300.jpeg 300w, https:\/\/bustech.com.mx\/blog\/wp-content\/uploads\/2026\/02\/5-1024x1024.jpeg 1024w, https:\/\/bustech.com.mx\/blog\/wp-content\/uploads\/2026\/02\/5-150x150.jpeg 150w, https:\/\/bustech.com.mx\/blog\/wp-content\/uploads\/2026\/02\/5-768x768.jpeg 768w, https:\/\/bustech.com.mx\/blog\/wp-content\/uploads\/2026\/02\/5.jpeg 1080w\" sizes=\"(max-width: 300px) 100vw, 300px\" \/>\n            <\/div>\n        <\/div><div class=\"eael-entry-wrapper\"><header class=\"eael-entry-header\"><h2 class=\"eael-entry-title\"><a\n                        class=\"eael-grid-post-link\"\n                        href=\"https:\/\/bustech.com.mx\/blog\/errores-comunes-en-el-mantenimiento-preventivo-de-sistemas-contra-incendio\/\"\n                        title=\"Errores comunes en el mantenimiento preventivo de sistemas contra incendio\">Errores comunes en el mantenimiento preventivo de sistemas contra incendio<\/a><\/h2><\/header><div class=\"eael-entry-content\">\n                        <div class=\"eael-grid-post-excerpt\"><p>Los sistemas contra incendio est\u00e1n dise\u00f1ados para proteger vidas e...<\/p><\/div>\n                    <\/div><div class=\"eael-entry-footer\"><div class=\"eael-entry-meta\"><span class=\"eael-posted-on\"><time datetime=\"28 de February de 2026\">28 de February de 2026<\/time><\/span><\/div><\/div><\/div><\/div>\n        <\/div>\n    <\/article><article class=\"eael-grid-post eael-post-grid-column\" data-id=\"1675\">\n        <div class=\"eael-grid-post-holder\">\n            <div class=\"eael-grid-post-holder-inner\"><div class=\"eael-entry-media\"><div class=\"eael-entry-overlay fade-in\"><i class=\"fas fa-long-arrow-alt-right\" aria-hidden=\"true\"><\/i><a href=\"https:\/\/bustech.com.mx\/blog\/la-importancia-de-una-correcta-senalizacion-en-una-emergencia\/\"><\/a><\/div><div class=\"eael-entry-thumbnail eael-image-ratio\">\n                <img loading=\"lazy\" width=\"300\" height=\"300\" src=\"https:\/\/bustech.com.mx\/blog\/wp-content\/uploads\/2026\/02\/1-1-300x300.jpg\" class=\"attachment-medium size-medium wp-image-1677\" alt=\"\" decoding=\"async\" srcset=\"https:\/\/bustech.com.mx\/blog\/wp-content\/uploads\/2026\/02\/1-1-300x300.jpg 300w, https:\/\/bustech.com.mx\/blog\/wp-content\/uploads\/2026\/02\/1-1-1024x1024.jpg 1024w, https:\/\/bustech.com.mx\/blog\/wp-content\/uploads\/2026\/02\/1-1-150x150.jpg 150w, https:\/\/bustech.com.mx\/blog\/wp-content\/uploads\/2026\/02\/1-1-768x768.jpg 768w, https:\/\/bustech.com.mx\/blog\/wp-content\/uploads\/2026\/02\/1-1.jpg 1080w\" sizes=\"(max-width: 300px) 100vw, 300px\" \/>\n            <\/div>\n        <\/div><div class=\"eael-entry-wrapper\"><header class=\"eael-entry-header\"><h2 class=\"eael-entry-title\"><a\n                        class=\"eael-grid-post-link\"\n                        href=\"https:\/\/bustech.com.mx\/blog\/la-importancia-de-una-correcta-senalizacion-en-una-emergencia\/\"\n                        title=\"La importancia de una correcta se\u00f1alizaci\u00f3n en una emergencia\">La importancia de una correcta se\u00f1alizaci\u00f3n en una emergencia<\/a><\/h2><\/header><div class=\"eael-entry-content\">\n                        <div class=\"eael-grid-post-excerpt\"><p>En una situaci\u00f3n de emergencia, como un incendio, cada segundo...<\/p><\/div>\n                    <\/div><div class=\"eael-entry-footer\"><div class=\"eael-entry-meta\"><span class=\"eael-posted-on\"><time datetime=\"18 de February de 2026\">18 de February de 2026<\/time><\/span><\/div><\/div><\/div><\/div>\n        <\/div>\n    <\/article><article class=\"eael-grid-post eael-post-grid-column\" data-id=\"1665\">\n        <div class=\"eael-grid-post-holder\">\n            <div class=\"eael-grid-post-holder-inner\"><div class=\"eael-entry-media\"><div class=\"eael-entry-overlay fade-in\"><i class=\"fas fa-long-arrow-alt-right\" aria-hidden=\"true\"><\/i><a href=\"https:\/\/bustech.com.mx\/blog\/que-es-nfpa-y-por-que-es-clave-en-la-seguridad-contra-incendios\/\"><\/a><\/div><div class=\"eael-entry-thumbnail eael-image-ratio\">\n                <img loading=\"lazy\" width=\"300\" height=\"300\" src=\"https:\/\/bustech.com.mx\/blog\/wp-content\/uploads\/2026\/01\/7-300x300.jpeg\" class=\"attachment-medium size-medium wp-image-1667\" alt=\"\" decoding=\"async\" srcset=\"https:\/\/bustech.com.mx\/blog\/wp-content\/uploads\/2026\/01\/7-300x300.jpeg 300w, https:\/\/bustech.com.mx\/blog\/wp-content\/uploads\/2026\/01\/7-1024x1024.jpeg 1024w, https:\/\/bustech.com.mx\/blog\/wp-content\/uploads\/2026\/01\/7-150x150.jpeg 150w, https:\/\/bustech.com.mx\/blog\/wp-content\/uploads\/2026\/01\/7-768x768.jpeg 768w, https:\/\/bustech.com.mx\/blog\/wp-content\/uploads\/2026\/01\/7.jpeg 1080w\" sizes=\"(max-width: 300px) 100vw, 300px\" \/>\n            <\/div>\n        <\/div><div class=\"eael-entry-wrapper\"><header class=\"eael-entry-header\"><h2 class=\"eael-entry-title\"><a\n                        class=\"eael-grid-post-link\"\n                        href=\"https:\/\/bustech.com.mx\/blog\/que-es-nfpa-y-por-que-es-clave-en-la-seguridad-contra-incendios\/\"\n                        title=\"\u00bfQu\u00e9 es NFPA y por qu\u00e9 es clave en la seguridad contra incendios?\">\u00bfQu\u00e9 es NFPA y por qu\u00e9 es clave en la seguridad contra incendios?<\/a><\/h2><\/header><div class=\"eael-entry-content\">\n                        <div class=\"eael-grid-post-excerpt\"><p>La NFPA (National Fire Protection Association) es una organizaci\u00f3n internacional...<\/p><\/div>\n                    <\/div><div class=\"eael-entry-footer\"><div class=\"eael-entry-meta\"><span class=\"eael-posted-on\"><time datetime=\"19 de January de 2026\">19 de January de 2026<\/time><\/span><\/div><\/div><\/div><\/div>\n        <\/div>\n    <\/article><article class=\"eael-grid-post eael-post-grid-column\" data-id=\"1655\">\n        <div class=\"eael-grid-post-holder\">\n            <div class=\"eael-grid-post-holder-inner\"><div class=\"eael-entry-media\"><div class=\"eael-entry-overlay fade-in\"><i class=\"fas fa-long-arrow-alt-right\" aria-hidden=\"true\"><\/i><a href=\"https:\/\/bustech.com.mx\/blog\/errores-humanos-que-provocan-incendios\/\"><\/a><\/div><div class=\"eael-entry-thumbnail eael-image-ratio\">\n                <img loading=\"lazy\" width=\"300\" height=\"300\" src=\"https:\/\/bustech.com.mx\/blog\/wp-content\/uploads\/2026\/01\/5-300x300.jpeg\" class=\"attachment-medium size-medium wp-image-1657\" alt=\"\" decoding=\"async\" srcset=\"https:\/\/bustech.com.mx\/blog\/wp-content\/uploads\/2026\/01\/5-300x300.jpeg 300w, https:\/\/bustech.com.mx\/blog\/wp-content\/uploads\/2026\/01\/5-1024x1024.jpeg 1024w, https:\/\/bustech.com.mx\/blog\/wp-content\/uploads\/2026\/01\/5-150x150.jpeg 150w, https:\/\/bustech.com.mx\/blog\/wp-content\/uploads\/2026\/01\/5-768x768.jpeg 768w, https:\/\/bustech.com.mx\/blog\/wp-content\/uploads\/2026\/01\/5.jpeg 1080w\" sizes=\"(max-width: 300px) 100vw, 300px\" \/>\n            <\/div>\n        <\/div><div class=\"eael-entry-wrapper\"><header class=\"eael-entry-header\"><h2 class=\"eael-entry-title\"><a\n                        class=\"eael-grid-post-link\"\n                        href=\"https:\/\/bustech.com.mx\/blog\/errores-humanos-que-provocan-incendios\/\"\n                        title=\"Errores humanos que provocan incendios\">Errores humanos que provocan incendios<\/a><\/h2><\/header><div class=\"eael-entry-content\">\n                        <div class=\"eael-grid-post-excerpt\"><p>Aunque muchas personas asocian los incendios con fallas t\u00e9cnicas o...<\/p><\/div>\n                    <\/div><div class=\"eael-entry-footer\"><div class=\"eael-entry-meta\"><span class=\"eael-posted-on\"><time datetime=\"19 de January de 2026\">19 de January de 2026<\/time><\/span><\/div><\/div><\/div><\/div>\n        <\/div>\n    <\/article><article class=\"eael-grid-post eael-post-grid-column\" data-id=\"1644\">\n        <div class=\"eael-grid-post-holder\">\n            <div class=\"eael-grid-post-holder-inner\"><div class=\"eael-entry-media\"><div class=\"eael-entry-overlay fade-in\"><i class=\"fas fa-long-arrow-alt-right\" aria-hidden=\"true\"><\/i><a href=\"https:\/\/bustech.com.mx\/blog\/factores-que-reducen-la-eficacia-de-los-rociadores-automaticos-contra-incendios\/\"><\/a><\/div><div class=\"eael-entry-thumbnail eael-image-ratio\">\n                <img loading=\"lazy\" width=\"300\" height=\"300\" src=\"https:\/\/bustech.com.mx\/blog\/wp-content\/uploads\/2025\/12\/WhatsApp-Image-2025-12-08-at-1.27.19-PM-300x300.jpeg\" class=\"attachment-medium size-medium wp-image-1646\" alt=\"\" decoding=\"async\" srcset=\"https:\/\/bustech.com.mx\/blog\/wp-content\/uploads\/2025\/12\/WhatsApp-Image-2025-12-08-at-1.27.19-PM-300x300.jpeg 300w, https:\/\/bustech.com.mx\/blog\/wp-content\/uploads\/2025\/12\/WhatsApp-Image-2025-12-08-at-1.27.19-PM-1024x1024.jpeg 1024w, https:\/\/bustech.com.mx\/blog\/wp-content\/uploads\/2025\/12\/WhatsApp-Image-2025-12-08-at-1.27.19-PM-150x150.jpeg 150w, https:\/\/bustech.com.mx\/blog\/wp-content\/uploads\/2025\/12\/WhatsApp-Image-2025-12-08-at-1.27.19-PM-768x768.jpeg 768w, https:\/\/bustech.com.mx\/blog\/wp-content\/uploads\/2025\/12\/WhatsApp-Image-2025-12-08-at-1.27.19-PM.jpeg 1080w\" sizes=\"(max-width: 300px) 100vw, 300px\" \/>\n            <\/div>\n        <\/div><div class=\"eael-entry-wrapper\"><header class=\"eael-entry-header\"><h2 class=\"eael-entry-title\"><a\n                        class=\"eael-grid-post-link\"\n                        href=\"https:\/\/bustech.com.mx\/blog\/factores-que-reducen-la-eficacia-de-los-rociadores-automaticos-contra-incendios\/\"\n                        title=\"Factores que reducen la eficacia de los rociadores autom\u00e1ticos contra incendios\">Factores que reducen la eficacia de los rociadores autom\u00e1ticos contra incendios<\/a><\/h2><\/header><div class=\"eael-entry-content\">\n                        <div class=\"eael-grid-post-excerpt\"><p>\u00bfPor qu\u00e9 un sistema de rociadores puede fallar? Los sistemas...<\/p><\/div>\n                    <\/div><div class=\"eael-entry-footer\"><div class=\"eael-entry-meta\"><span class=\"eael-posted-on\"><time datetime=\"17 de December de 2025\">17 de December de 2025<\/time><\/span><\/div><\/div><\/div><\/div>\n        <\/div>\n    <\/article><article class=\"eael-grid-post eael-post-grid-column\" data-id=\"1634\">\n        <div class=\"eael-grid-post-holder\">\n            <div class=\"eael-grid-post-holder-inner\"><div class=\"eael-entry-media\"><div class=\"eael-entry-overlay fade-in\"><i class=\"fas fa-long-arrow-alt-right\" aria-hidden=\"true\"><\/i><a href=\"https:\/\/bustech.com.mx\/blog\/sistemas-de-deteccion-temprana-en-cuartos-electricos-y-data-centers\/\"><\/a><\/div><div class=\"eael-entry-thumbnail eael-image-ratio\">\n                <img loading=\"lazy\" width=\"300\" height=\"300\" src=\"https:\/\/bustech.com.mx\/blog\/wp-content\/uploads\/2025\/12\/WhatsApp-Image-2025-12-08-at-1.27.18-PM-300x300.jpeg\" class=\"attachment-medium size-medium wp-image-1636\" alt=\"\" decoding=\"async\" srcset=\"https:\/\/bustech.com.mx\/blog\/wp-content\/uploads\/2025\/12\/WhatsApp-Image-2025-12-08-at-1.27.18-PM-300x300.jpeg 300w, https:\/\/bustech.com.mx\/blog\/wp-content\/uploads\/2025\/12\/WhatsApp-Image-2025-12-08-at-1.27.18-PM-1024x1024.jpeg 1024w, https:\/\/bustech.com.mx\/blog\/wp-content\/uploads\/2025\/12\/WhatsApp-Image-2025-12-08-at-1.27.18-PM-150x150.jpeg 150w, https:\/\/bustech.com.mx\/blog\/wp-content\/uploads\/2025\/12\/WhatsApp-Image-2025-12-08-at-1.27.18-PM-768x768.jpeg 768w, https:\/\/bustech.com.mx\/blog\/wp-content\/uploads\/2025\/12\/WhatsApp-Image-2025-12-08-at-1.27.18-PM.jpeg 1080w\" sizes=\"(max-width: 300px) 100vw, 300px\" \/>\n            <\/div>\n        <\/div><div class=\"eael-entry-wrapper\"><header class=\"eael-entry-header\"><h2 class=\"eael-entry-title\"><a\n                        class=\"eael-grid-post-link\"\n                        href=\"https:\/\/bustech.com.mx\/blog\/sistemas-de-deteccion-temprana-en-cuartos-electricos-y-data-centers\/\"\n                        title=\"Sistemas de detecci\u00f3n temprana en cuartos el\u00e9ctricos y data centers\">Sistemas de detecci\u00f3n temprana en cuartos el\u00e9ctricos y data centers<\/a><\/h2><\/header><div class=\"eael-entry-content\">\n                        <div class=\"eael-grid-post-excerpt\"><p>La importancia de la detecci\u00f3n temprana de incendios en infraestructura...<\/p><\/div>\n                    <\/div><div class=\"eael-entry-footer\"><div class=\"eael-entry-meta\"><span class=\"eael-posted-on\"><time datetime=\"17 de December de 2025\">17 de December de 2025<\/time><\/span><\/div><\/div><\/div><\/div>\n        <\/div>\n    <\/article><article class=\"eael-grid-post eael-post-grid-column\" data-id=\"1620\">\n        <div class=\"eael-grid-post-holder\">\n            <div class=\"eael-grid-post-holder-inner\"><div class=\"eael-entry-media\"><div class=\"eael-entry-overlay fade-in\"><i class=\"fas fa-long-arrow-alt-right\" aria-hidden=\"true\"><\/i><a href=\"https:\/\/bustech.com.mx\/blog\/inspeccion-y-prueba-de-bombas-contra-incendio-claves-para-su-correcto-funcionamiento\/\"><\/a><\/div><div class=\"eael-entry-thumbnail eael-image-ratio\">\n                <img loading=\"lazy\" width=\"300\" height=\"300\" src=\"https:\/\/bustech.com.mx\/blog\/wp-content\/uploads\/2025\/11\/WhatsApp-Image-2025-11-10-at-10.47.21-AM-300x300.jpeg\" class=\"attachment-medium size-medium wp-image-1622\" alt=\"\" decoding=\"async\" srcset=\"https:\/\/bustech.com.mx\/blog\/wp-content\/uploads\/2025\/11\/WhatsApp-Image-2025-11-10-at-10.47.21-AM-300x300.jpeg 300w, https:\/\/bustech.com.mx\/blog\/wp-content\/uploads\/2025\/11\/WhatsApp-Image-2025-11-10-at-10.47.21-AM-1024x1024.jpeg 1024w, https:\/\/bustech.com.mx\/blog\/wp-content\/uploads\/2025\/11\/WhatsApp-Image-2025-11-10-at-10.47.21-AM-150x150.jpeg 150w, https:\/\/bustech.com.mx\/blog\/wp-content\/uploads\/2025\/11\/WhatsApp-Image-2025-11-10-at-10.47.21-AM-768x768.jpeg 768w, https:\/\/bustech.com.mx\/blog\/wp-content\/uploads\/2025\/11\/WhatsApp-Image-2025-11-10-at-10.47.21-AM.jpeg 1080w\" sizes=\"(max-width: 300px) 100vw, 300px\" \/>\n            <\/div>\n        <\/div><div class=\"eael-entry-wrapper\"><header class=\"eael-entry-header\"><h2 class=\"eael-entry-title\"><a\n                        class=\"eael-grid-post-link\"\n                        href=\"https:\/\/bustech.com.mx\/blog\/inspeccion-y-prueba-de-bombas-contra-incendio-claves-para-su-correcto-funcionamiento\/\"\n                        title=\"Inspecci\u00f3n y prueba de bombas contra incendio: claves para su correcto funcionamiento\">Inspecci\u00f3n y prueba de bombas contra incendio: claves para su correcto funcionamiento<\/a><\/h2><\/header><div class=\"eael-entry-content\">\n                        <div class=\"eael-grid-post-excerpt\"><p>Las bombas contra incendio son el coraz\u00f3n de cualquier sistema...<\/p><\/div>\n                    <\/div><div class=\"eael-entry-footer\"><div class=\"eael-entry-meta\"><span class=\"eael-posted-on\"><time datetime=\"18 de November de 2025\">18 de November de 2025<\/time><\/span><\/div><\/div><\/div><\/div>\n        <\/div>\n    <\/article><article class=\"eael-grid-post eael-post-grid-column\" data-id=\"1610\">\n        <div class=\"eael-grid-post-holder\">\n            <div class=\"eael-grid-post-holder-inner\"><div class=\"eael-entry-media\"><div class=\"eael-entry-overlay fade-in\"><i class=\"fas fa-long-arrow-alt-right\" aria-hidden=\"true\"><\/i><a href=\"https:\/\/bustech.com.mx\/blog\/errores-comunes-en-la-instalacion-de-rociadores-automaticos\/\"><\/a><\/div><div class=\"eael-entry-thumbnail eael-image-ratio\">\n                <img loading=\"lazy\" width=\"300\" height=\"300\" src=\"https:\/\/bustech.com.mx\/blog\/wp-content\/uploads\/2025\/11\/WhatsApp-Image-2025-11-10-at-10.47.20-AM-300x300.jpeg\" class=\"attachment-medium size-medium wp-image-1612\" alt=\"\" decoding=\"async\" srcset=\"https:\/\/bustech.com.mx\/blog\/wp-content\/uploads\/2025\/11\/WhatsApp-Image-2025-11-10-at-10.47.20-AM-300x300.jpeg 300w, https:\/\/bustech.com.mx\/blog\/wp-content\/uploads\/2025\/11\/WhatsApp-Image-2025-11-10-at-10.47.20-AM-1024x1024.jpeg 1024w, https:\/\/bustech.com.mx\/blog\/wp-content\/uploads\/2025\/11\/WhatsApp-Image-2025-11-10-at-10.47.20-AM-150x150.jpeg 150w, https:\/\/bustech.com.mx\/blog\/wp-content\/uploads\/2025\/11\/WhatsApp-Image-2025-11-10-at-10.47.20-AM-768x768.jpeg 768w, https:\/\/bustech.com.mx\/blog\/wp-content\/uploads\/2025\/11\/WhatsApp-Image-2025-11-10-at-10.47.20-AM.jpeg 1080w\" sizes=\"(max-width: 300px) 100vw, 300px\" \/>\n            <\/div>\n        <\/div><div class=\"eael-entry-wrapper\"><header class=\"eael-entry-header\"><h2 class=\"eael-entry-title\"><a\n                        class=\"eael-grid-post-link\"\n                        href=\"https:\/\/bustech.com.mx\/blog\/errores-comunes-en-la-instalacion-de-rociadores-automaticos\/\"\n                        title=\"Errores comunes en la instalaci\u00f3n de rociadores autom\u00e1ticos\">Errores comunes en la instalaci\u00f3n de rociadores autom\u00e1ticos<\/a><\/h2><\/header><div class=\"eael-entry-content\">\n                        <div class=\"eael-grid-post-excerpt\"><p>Los rociadores autom\u00e1ticos son un elemento esencial en los sistemas...<\/p><\/div>\n                    <\/div><div class=\"eael-entry-footer\"><div class=\"eael-entry-meta\"><span class=\"eael-posted-on\"><time datetime=\"18 de November de 2025\">18 de November de 2025<\/time><\/span><\/div><\/div><\/div><\/div>\n        <\/div>\n    <\/article><\/div>\n            <div class=\"clearfix\"><\/div>\n        <\/div>            <div class=\"eael-load-more-button-wrap eael-force-hide\">\n                <button class=\"eael-load-more-button\" id=\"eael-load-more-btn-32a881f\" data-widget-id=\"32a881f\" data-widget=\"32a881f\" data-page-id=\"739\" data-template=\"{&quot;dir&quot;:&quot;lite&quot;,&quot;file_name&quot;:&quot;default.php&quot;,&quot;name&quot;:&quot;Post-Grid&quot;}\" data-class=\"Essential_Addons_Elementor\\Elements\\Post_Grid\" data-layout=\"grid\" data-page=\"1\" data-args=\"orderby=date&amp;order=desc&amp;ignore_sticky_posts=1&amp;post_status=publish&amp;posts_per_page=8&amp;offset=&amp;post_type=post\" data-max-page=\"8\">\n                    <div class=\"eael-btn-loader button__loader\"><\/div>\n                    <span>Cargar m\u00e1s<\/span>\n                <\/button>\n            <\/div>\n        \t\t<\/div>\n\t\t\t\t<\/div>\n\t\t\t\t\t<\/div>\n\t\t\t\t<\/div>\n\t\t\t\t\t\t\t<\/div>\n\t\t","protected":false},"excerpt":{"rendered":"<p>Forma parte de la cultura de seguridad contra incidentes industriales. \u00bfQu\u00e9 hacer en caso de un incendio? Cuando inicia un incendio lo principal es que salves tu&#8230; 9 de julio de 2023 Reflexiones sobre Telegesti\u00f3n En los \u00faltimos a\u00f1os estamos experimentando un gran avance de&#8230; 22 de febrero de 2023 Termofusi\u00f3n La Termofusi\u00f3n es un &hellip;<\/p>\n<p class=\"read-more\"> <a class=\"\" href=\"https:\/\/bustech.com.mx\/blog\/errores-comunes-en-la-instalacion-de-rociadores-automaticos\/\"> <span class=\"screen-reader-text\">Errores comunes en la instalaci\u00f3n de rociadores autom\u00e1ticos<\/span> Read More &raquo;<\/a><\/p>\n","protected":false},"author":1,"featured_media":0,"parent":0,"menu_order":0,"comment_status":"closed","ping_status":"closed","template":"","meta":{"_eb_attr":"","inline_featured_image":false,"site-sidebar-layout":"no-sidebar","site-content-layout":"","ast-site-content-layout":"full-width-container","site-content-style":"default","site-sidebar-style":"default","ast-global-header-display":"","ast-banner-title-visibility":"","ast-main-header-display":"","ast-hfb-above-header-display":"","ast-hfb-below-header-display":"","ast-hfb-mobile-header-display":"","site-post-title":"disabled","ast-breadcrumbs-content":"","ast-featured-img":"disabled","footer-sml-layout":"","theme-transparent-header-meta":"","adv-header-id-meta":"","stick-header-meta":"","header-above-stick-meta":"","header-main-stick-meta":"","header-below-stick-meta":"","astra-migrate-meta-layouts":"","footnotes":""},"_links":{"self":[{"href":"https:\/\/bustech.com.mx\/blog\/wp-json\/wp\/v2\/pages\/739"}],"collection":[{"href":"https:\/\/bustech.com.mx\/blog\/wp-json\/wp\/v2\/pages"}],"about":[{"href":"https:\/\/bustech.com.mx\/blog\/wp-json\/wp\/v2\/types\/page"}],"author":[{"embeddable":true,"href":"https:\/\/bustech.com.mx\/blog\/wp-json\/wp\/v2\/users\/1"}],"replies":[{"embeddable":true,"href":"https:\/\/bustech.com.mx\/blog\/wp-json\/wp\/v2\/comments?post=739"}],"version-history":[{"count":99,"href":"https:\/\/bustech.com.mx\/blog\/wp-json\/wp\/v2\/pages\/739\/revisions"}],"predecessor-version":[{"id":1180,"href":"https:\/\/bustech.com.mx\/blog\/wp-json\/wp\/v2\/pages\/739\/revisions\/1180"}],"wp:attachment":[{"href":"https:\/\/bustech.com.mx\/blog\/wp-json\/wp\/v2\/media?parent=739"}],"curies":[{"name":"wp","href":"https:\/\/api.w.org\/{rel}","templated":true}]}}